{"id":290,"date":"2025-11-26T13:18:18","date_gmt":"2025-11-26T12:18:18","guid":{"rendered":"https:\/\/famapruning.com\/?page_id=290"},"modified":"2026-01-13T16:19:34","modified_gmt":"2026-01-13T15:19:34","slug":"azienda","status":"publish","type":"page","link":"https:\/\/famapruning.com\/en\/azienda\/","title":{"rendered":"Company"},"content":{"rendered":"<div data-elementor-type=\"wp-page\" data-elementor-id=\"290\" class=\"elementor elementor-290\">\n\t\t\t\t<div class=\"elementor-element elementor-element-498cbdb banner-sec e-flex e-con-boxed e-con e-parent\" data-id=\"498cbdb\" data-element_type=\"container\" data-e-type=\"container\" data-settings=\"{&quot;background_background&quot;:&quot;classic&quot;}\">\n\t\t\t\t\t<div class=\"e-con-inner\">\n\t\t\t\t<div class=\"elementor-element elementor-element-cf246f8 elementor-widget elementor-widget-heading\" data-id=\"cf246f8\" data-element_type=\"widget\" data-e-type=\"widget\" data-widget_type=\"heading.default\">\n\t\t\t\t<div class=\"elementor-widget-container\">\n\t\t\t\t\t<h2 class=\"elementor-heading-title elementor-size-default\">Company<\/h2>\t\t\t\t<\/div>\n\t\t\t\t<\/div>\n\t\t\t\t\t<\/div>\n\t\t\t\t<\/div>\n\t\t<div class=\"elementor-element elementor-element-850d5fa e-flex e-con-boxed e-con e-parent\" data-id=\"850d5fa\" data-element_type=\"container\" data-e-type=\"container\">\n\t\t\t\t\t<div class=\"e-con-inner\">\n\t\t<div class=\"elementor-element elementor-element-4210253 e-con-full e-flex e-con e-child\" data-id=\"4210253\" data-element_type=\"container\" data-e-type=\"container\">\n\t\t\t\t<div class=\"elementor-element elementor-element-3cc3ac3 elementor-widget elementor-widget-heading\" data-id=\"3cc3ac3\" data-element_type=\"widget\" data-e-type=\"widget\" data-widget_type=\"heading.default\">\n\t\t\t\t<div class=\"elementor-widget-container\">\n\t\t\t\t\t<h2 class=\"elementor-heading-title elementor-size-default\">The evolution of pruning<\/h2>\t\t\t\t<\/div>\n\t\t\t\t<\/div>\n\t\t\t\t<div class=\"elementor-element elementor-element-3b82568 elementor-widget__width-initial elementor-widget elementor-widget-text-editor\" data-id=\"3b82568\" data-element_type=\"widget\" data-e-type=\"widget\" data-widget_type=\"text-editor.default\">\n\t\t\t\t<div class=\"elementor-widget-container\">\n\t\t\t\t\t\t\t\t\t<p><span style=\"font-size: inherit; text-align: inherit; letter-spacing: -0.015em;\">Le radici di <\/span><b style=\"font-size: inherit; text-align: inherit; letter-spacing: -0.015em;\" data-path-to-node=\"3,0\" data-index-in-node=\"14\">FAMA PRUNING SYSTEM<\/b><span style=\"font-size: inherit; text-align: inherit; letter-spacing: -0.015em;\"> affondano in una storia di passione, meccanica e territorio che ha inizio nel <\/span><b style=\"font-size: inherit; text-align: inherit; letter-spacing: -0.015em;\" data-path-to-node=\"3,0\" data-index-in-node=\"112\">1969<\/b><span style=\"font-size: inherit; text-align: inherit; letter-spacing: -0.015em;\">.\u00a0<\/span><span style=\"font-size: inherit; text-align: inherit; letter-spacing: -0.015em;\">In quell&#8217;anno, dalla visione e dall&#8217;impegno di <\/span><b style=\"font-size: inherit; text-align: inherit; letter-spacing: -0.015em;\" data-path-to-node=\"3,0\" data-index-in-node=\"165\">Marigonda Guido<\/b><span style=\"font-size: inherit; text-align: inherit; letter-spacing: -0.015em;\">, <\/span><b style=\"font-size: inherit; text-align: inherit; letter-spacing: -0.015em;\" data-path-to-node=\"3,0\" data-index-in-node=\"182\">Colombarolli Luciana<\/b><span style=\"font-size: inherit; text-align: inherit; letter-spacing: -0.015em;\"> e <\/span><b style=\"font-size: inherit; text-align: inherit; letter-spacing: -0.015em;\" data-path-to-node=\"3,0\" data-index-in-node=\"205\">Dino<\/b><span style=\"font-size: inherit; text-align: inherit; letter-spacing: -0.015em;\">, nasce la <\/span><b style=\"font-size: inherit; text-align: inherit; letter-spacing: -0.015em;\" data-path-to-node=\"3,0\" data-index-in-node=\"220\">FA.MA. (Fabbrica Macchine Agricole)<\/b><span style=\"font-size: inherit; text-align: inherit; letter-spacing: -0.015em;\">.\u00a0<\/span><\/p><p><span style=\"font-size: inherit; text-align: inherit; letter-spacing: -0.015em;\">Nata come una piccola officina artigiana dedicata alla creazione di accessori agricoli, l&#8217;azienda ha saputo trasformare l&#8217;esperienza diretta sul campo in soluzioni tecnologiche d&#8217;avanguardia.\u00a0<\/span><span style=\"font-size: inherit; letter-spacing: -0.015em; text-align: inherit;\">Quella che era una realt\u00e0 locale fondata sui valori del lavoro e della famiglia si \u00e8 evoluta decennio dopo decennio, diventando oggi un <strong>punto di riferimento internazionale<\/strong> nella progettazione di sistemi per la potatura, senza mai perdere lo spirito artigianale e l&#8217;attenzione al dettaglio delle sue origini.<\/span><\/p><p>Oggi, <b data-path-to-node=\"3,0\" data-index-in-node=\"7\">FAMA PRUNING SYSTEM<\/b> \u00e8 sinonimo di avanguardia tecnologica. Non ci limitiamo a costruire macchine, ma progettiamo sistemi integrati che ridefiniscono gli standard della potatura meccanizzata.\u00a0<\/p>\t\t\t\t\t\t\t\t<\/div>\n\t\t\t\t<\/div>\n\t\t\t\t<\/div>\n\t\t<div class=\"elementor-element elementor-element-97e668f e-con-full e-flex e-con e-child\" data-id=\"97e668f\" data-element_type=\"container\" data-e-type=\"container\">\n\t\t\t\t<div class=\"elementor-element elementor-element-ad24ce2 elementor-widget elementor-widget-image\" data-id=\"ad24ce2\" data-element_type=\"widget\" data-e-type=\"widget\" data-widget_type=\"image.default\">\n\t\t\t\t<div class=\"elementor-widget-container\">\n\t\t\t\t\t\t\t\t\t\t\t\t\t\t\t<img fetchpriority=\"high\" decoding=\"async\" data-attachment-id=\"1006\" data-permalink=\"https:\/\/famapruning.com\/en\/azienda\/foto-alto\/\" data-orig-file=\"https:\/\/i0.wp.com\/famapruning.com\/wp-content\/uploads\/2026\/01\/foto-alto.png?fit=1600%2C1161&amp;ssl=1\" data-orig-size=\"1600,1161\" data-comments-opened=\"1\" data-image-meta=\"{&quot;aperture&quot;:&quot;0&quot;,&quot;credit&quot;:&quot;&quot;,&quot;camera&quot;:&quot;&quot;,&quot;caption&quot;:&quot;&quot;,&quot;created_timestamp&quot;:&quot;0&quot;,&quot;copyright&quot;:&quot;&quot;,&quot;focal_length&quot;:&quot;0&quot;,&quot;iso&quot;:&quot;0&quot;,&quot;shutter_speed&quot;:&quot;0&quot;,&quot;title&quot;:&quot;&quot;,&quot;orientation&quot;:&quot;0&quot;}\" data-image-title=\"foto alto\" data-image-description=\"\" data-image-caption=\"\" data-large-file=\"https:\/\/i0.wp.com\/famapruning.com\/wp-content\/uploads\/2026\/01\/foto-alto.png?fit=580%2C421&amp;ssl=1\" width=\"580\" height=\"421\" src=\"https:\/\/i0.wp.com\/famapruning.com\/wp-content\/uploads\/2026\/01\/foto-alto.png?fit=580%2C421&amp;ssl=1\" class=\"attachment-large size-large wp-image-1006\" alt=\"\" srcset=\"https:\/\/i0.wp.com\/famapruning.com\/wp-content\/uploads\/2026\/01\/foto-alto.png?w=1600&amp;ssl=1 1600w, https:\/\/i0.wp.com\/famapruning.com\/wp-content\/uploads\/2026\/01\/foto-alto.png?resize=300%2C218&amp;ssl=1 300w, https:\/\/i0.wp.com\/famapruning.com\/wp-content\/uploads\/2026\/01\/foto-alto.png?resize=1024%2C743&amp;ssl=1 1024w, https:\/\/i0.wp.com\/famapruning.com\/wp-content\/uploads\/2026\/01\/foto-alto.png?resize=768%2C557&amp;ssl=1 768w, https:\/\/i0.wp.com\/famapruning.com\/wp-content\/uploads\/2026\/01\/foto-alto.png?resize=1536%2C1115&amp;ssl=1 1536w, https:\/\/i0.wp.com\/famapruning.com\/wp-content\/uploads\/2026\/01\/foto-alto.png?resize=1200%2C871&amp;ssl=1 1200w, https:\/\/i0.wp.com\/famapruning.com\/wp-content\/uploads\/2026\/01\/foto-alto.png?resize=600%2C435&amp;ssl=1 600w\" sizes=\"(max-width: 580px) 100vw, 580px\" \/>\t\t\t\t\t\t\t\t\t\t\t\t\t\t\t<\/div>\n\t\t\t\t<\/div>\n\t\t\t\t<\/div>\n\t\t\t\t\t<\/div>\n\t\t\t\t<\/div>\n\t\t<div class=\"elementor-element elementor-element-6ebe18e e-flex e-con-boxed e-con e-parent\" data-id=\"6ebe18e\" data-element_type=\"container\" data-e-type=\"container\">\n\t\t\t\t\t<div class=\"e-con-inner\">\n\t\t<div class=\"elementor-element elementor-element-a6e3604 e-con-full e-flex e-con e-child\" data-id=\"a6e3604\" data-element_type=\"container\" data-e-type=\"container\">\n\t\t\t\t<div class=\"elementor-element elementor-element-673b1e5 elementor-widget elementor-widget-heading\" data-id=\"673b1e5\" data-element_type=\"widget\" data-e-type=\"widget\" data-widget_type=\"heading.default\">\n\t\t\t\t<div class=\"elementor-widget-container\">\n\t\t\t\t\t<h2 class=\"elementor-heading-title elementor-size-default\">The customer first<\/h2>\t\t\t\t<\/div>\n\t\t\t\t<\/div>\n\t\t\t\t<div class=\"elementor-element elementor-element-4be74f1 elementor-widget elementor-widget-text-editor\" data-id=\"4be74f1\" data-element_type=\"widget\" data-e-type=\"widget\" data-widget_type=\"text-editor.default\">\n\t\t\t\t<div class=\"elementor-widget-container\">\n\t\t\t\t\t\t\t\t\t<p data-path-to-node=\"0\">In <b data-path-to-node=\"4,0\" data-index-in-node=\"4\">FAMA PRUNING SYSTEM<\/b>, crediamo che il valore di una macchina non si esaurisca nelle sue specifiche tecniche, ma si esprima pienamente nella qualit\u00e0 della relazione che costruiamo con chi la utilizza ogni giorno.<\/p><p data-path-to-node=\"0\">Mettere il cliente al primo posto per noi significa <strong>ascolto attivo<\/strong>: le vostre sfide quotidiane tra i filari sono la nostra principale fonte di ispirazione. Non ci limitiamo a vendere un prodotto, ma offriamo una consulenza dedicata per guidarvi nella scelta della soluzione pi\u00f9 adatta alle vostre specifiche colture e terreni.\u00a0<\/p><p data-path-to-node=\"0\">Il nostro impegno prosegue ben oltre la consegna, con un <strong>servizio di assistenza<\/strong> post-vendita rapido e una disponibilit\u00e0 costante di ricambi originali. Perch\u00e9 sappiamo che il vostro tempo \u00e8 prezioso e il vostro successo \u00e8, in ultima analisi, il metro del nostro valore.<\/p>\t\t\t\t\t\t\t\t<\/div>\n\t\t\t\t<\/div>\n\t\t\t\t<div class=\"elementor-element elementor-element-942cb77 elementor-widget elementor-widget-button\" data-id=\"942cb77\" data-element_type=\"widget\" data-e-type=\"widget\" data-widget_type=\"button.default\">\n\t\t\t\t<div class=\"elementor-widget-container\">\n\t\t\t\t\t\t\t\t\t<div class=\"elementor-button-wrapper\">\n\t\t\t\t\t<a class=\"elementor-button elementor-button-link elementor-size-sm\" href=\"https:\/\/famapruning.com\/en\/?page_id=332\">\n\t\t\t\t\t\t<span class=\"elementor-button-content-wrapper\">\n\t\t\t\t\t\t\t\t\t<span class=\"elementor-button-text\">Assistance<\/span>\n\t\t\t\t\t<\/span>\n\t\t\t\t\t<\/a>\n\t\t\t\t<\/div>\n\t\t\t\t\t\t\t\t<\/div>\n\t\t\t\t<\/div>\n\t\t\t\t<\/div>\n\t\t<div class=\"elementor-element elementor-element-6cda31e e-con-full e-flex e-con e-child\" data-id=\"6cda31e\" data-element_type=\"container\" data-e-type=\"container\">\n\t\t\t\t<div class=\"elementor-element elementor-element-ef1b5fd elementor-widget elementor-widget-image\" data-id=\"ef1b5fd\" data-element_type=\"widget\" data-e-type=\"widget\" data-widget_type=\"image.default\">\n\t\t\t\t<div class=\"elementor-widget-container\">\n\t\t\t\t\t\t\t\t\t\t\t\t\t\t\t<img decoding=\"async\" data-attachment-id=\"999\" data-permalink=\"https:\/\/famapruning.com\/en\/azienda\/20230725_092507\/\" data-orig-file=\"https:\/\/i0.wp.com\/famapruning.com\/wp-content\/uploads\/2026\/01\/20230725_092507.jpg?fit=4000%2C3000&amp;ssl=1\" data-orig-size=\"4000,3000\" data-comments-opened=\"1\" data-image-meta=\"{&quot;aperture&quot;:&quot;1.8&quot;,&quot;credit&quot;:&quot;&quot;,&quot;camera&quot;:&quot;SM-G998B&quot;,&quot;caption&quot;:&quot;&quot;,&quot;created_timestamp&quot;:&quot;1690277107&quot;,&quot;copyright&quot;:&quot;&quot;,&quot;focal_length&quot;:&quot;6.7&quot;,&quot;iso&quot;:&quot;50&quot;,&quot;shutter_speed&quot;:&quot;0.0013513513513514&quot;,&quot;title&quot;:&quot;&quot;,&quot;orientation&quot;:&quot;1&quot;}\" data-image-title=\"20230725_092507\" data-image-description=\"\" data-image-caption=\"\" data-large-file=\"https:\/\/i0.wp.com\/famapruning.com\/wp-content\/uploads\/2026\/01\/20230725_092507.jpg?fit=580%2C435&amp;ssl=1\" width=\"580\" height=\"435\" src=\"https:\/\/i0.wp.com\/famapruning.com\/wp-content\/uploads\/2026\/01\/20230725_092507.jpg?fit=580%2C435&amp;ssl=1\" class=\"attachment-large size-large wp-image-999\" alt=\"\" srcset=\"https:\/\/i0.wp.com\/famapruning.com\/wp-content\/uploads\/2026\/01\/20230725_092507.jpg?w=4000&amp;ssl=1 4000w, https:\/\/i0.wp.com\/famapruning.com\/wp-content\/uploads\/2026\/01\/20230725_092507.jpg?resize=300%2C225&amp;ssl=1 300w, https:\/\/i0.wp.com\/famapruning.com\/wp-content\/uploads\/2026\/01\/20230725_092507.jpg?resize=1024%2C768&amp;ssl=1 1024w, https:\/\/i0.wp.com\/famapruning.com\/wp-content\/uploads\/2026\/01\/20230725_092507.jpg?resize=768%2C576&amp;ssl=1 768w, https:\/\/i0.wp.com\/famapruning.com\/wp-content\/uploads\/2026\/01\/20230725_092507.jpg?resize=1536%2C1152&amp;ssl=1 1536w, https:\/\/i0.wp.com\/famapruning.com\/wp-content\/uploads\/2026\/01\/20230725_092507.jpg?resize=2048%2C1536&amp;ssl=1 2048w, https:\/\/i0.wp.com\/famapruning.com\/wp-content\/uploads\/2026\/01\/20230725_092507.jpg?resize=1200%2C900&amp;ssl=1 1200w, https:\/\/i0.wp.com\/famapruning.com\/wp-content\/uploads\/2026\/01\/20230725_092507.jpg?resize=1980%2C1485&amp;ssl=1 1980w, https:\/\/i0.wp.com\/famapruning.com\/wp-content\/uploads\/2026\/01\/20230725_092507.jpg?resize=600%2C450&amp;ssl=1 600w, https:\/\/i0.wp.com\/famapruning.com\/wp-content\/uploads\/2026\/01\/20230725_092507.jpg?w=1740&amp;ssl=1 1740w\" sizes=\"(max-width: 580px) 100vw, 580px\" \/>\t\t\t\t\t\t\t\t\t\t\t\t\t\t\t<\/div>\n\t\t\t\t<\/div>\n\t\t\t\t<\/div>\n\t\t\t\t\t<\/div>\n\t\t\t\t<\/div>\n\t\t<div class=\"elementor-element elementor-element-d2a42de e-flex e-con-boxed e-con e-parent\" data-id=\"d2a42de\" data-element_type=\"container\" data-e-type=\"container\">\n\t\t\t\t\t<div class=\"e-con-inner\">\n\t\t<div class=\"elementor-element elementor-element-2e67dad e-con-full e-flex e-con e-child\" data-id=\"2e67dad\" data-element_type=\"container\" data-e-type=\"container\">\n\t\t\t\t<div class=\"elementor-element elementor-element-f318235 elementor-widget elementor-widget-heading\" data-id=\"f318235\" data-element_type=\"widget\" data-e-type=\"widget\" data-widget_type=\"heading.default\">\n\t\t\t\t<div class=\"elementor-widget-container\">\n\t\t\t\t\t<h2 class=\"elementor-heading-title elementor-size-default\">Designed to Last<\/h2>\t\t\t\t<\/div>\n\t\t\t\t<\/div>\n\t\t\t\t<div class=\"elementor-element elementor-element-b5476e2 elementor-widget elementor-widget-text-editor\" data-id=\"b5476e2\" data-element_type=\"widget\" data-e-type=\"widget\" data-widget_type=\"text-editor.default\">\n\t\t\t\t<div class=\"elementor-widget-container\">\n\t\t\t\t\t\t\t\t\t<p data-path-to-node=\"0\">La qualit\u00e0 dei macchinari <b data-path-to-node=\"4,0\" data-index-in-node=\"27\">FAMA PRUNING SYSTEM<\/b> \u00e8 il risultato di una scelta rigorosa: non accettare compromessi.\u00a0<\/p><p data-path-to-node=\"0\"><span style=\"font-size: inherit; text-align: inherit; letter-spacing: -0.015em;\">Ogni componente, dalla carpenteria in acciai ad alta resistenza ai sistemi idraulici di precisione, viene selezionato e assemblato per garantire una <\/span><b style=\"font-size: inherit; text-align: inherit; letter-spacing: -0.015em;\" data-path-to-node=\"4,0\" data-index-in-node=\"262\">durata straordinaria<\/b><span style=\"font-size: inherit; text-align: inherit; letter-spacing: -0.015em;\"> anche nelle condizioni di lavoro pi\u00f9 gravose.\u00a0<\/span><\/p><p data-path-to-node=\"0\"><span style=\"font-size: inherit; text-align: inherit; letter-spacing: -0.015em;\">La nostra eccellenza si manifesta nel dettaglio del taglio: netto, preciso e delicato sulla pianta, studiato per favorire una cicatrizzazione rapida e prevenire l\u2019insorgere di malattie.<\/span><\/p><p data-path-to-node=\"0\"><span style=\"font-size: inherit; text-align: inherit; letter-spacing: -0.015em;\">\u00a0Ogni macchina che esce dai nostri stabilimenti \u00e8 sottoposta a severi collaudi che ne certificano la sicurezza e l&#8217;efficienza operativa. Scegliere FAMA significa investire in un bene strumentale che <strong>mantiene il suo valore nel tempo<\/strong>, assicurando prestazioni costanti stagione dopo stagione.<\/span><\/p>\t\t\t\t\t\t\t\t<\/div>\n\t\t\t\t<\/div>\n\t\t\t\t<div class=\"elementor-element elementor-element-63d1ac4 elementor-widget elementor-widget-button\" data-id=\"63d1ac4\" data-element_type=\"widget\" data-e-type=\"widget\" data-widget_type=\"button.default\">\n\t\t\t\t<div class=\"elementor-widget-container\">\n\t\t\t\t\t\t\t\t\t<div class=\"elementor-button-wrapper\">\n\t\t\t\t\t<a class=\"elementor-button elementor-button-link elementor-size-sm\" href=\"https:\/\/famapruning.com\/en\/prodotti\/\">\n\t\t\t\t\t\t<span class=\"elementor-button-content-wrapper\">\n\t\t\t\t\t\t\t\t\t<span class=\"elementor-button-text\">Products<\/span>\n\t\t\t\t\t<\/span>\n\t\t\t\t\t<\/a>\n\t\t\t\t<\/div>\n\t\t\t\t\t\t\t\t<\/div>\n\t\t\t\t<\/div>\n\t\t\t\t<\/div>\n\t\t<div class=\"elementor-element elementor-element-1ec7dd9 e-con-full e-flex e-con e-child\" data-id=\"1ec7dd9\" data-element_type=\"container\" data-e-type=\"container\">\n\t\t\t\t<div class=\"elementor-element elementor-element-a26e97b elementor-widget elementor-widget-image\" data-id=\"a26e97b\" data-element_type=\"widget\" data-e-type=\"widget\" data-widget_type=\"image.default\">\n\t\t\t\t<div class=\"elementor-widget-container\">\n\t\t\t\t\t\t\t\t\t\t\t\t\t\t\t<img decoding=\"async\" data-attachment-id=\"1010\" data-permalink=\"https:\/\/famapruning.com\/en\/azienda\/gemini_generated_image_c77r6zc77r6zc77r\/\" data-orig-file=\"https:\/\/i0.wp.com\/famapruning.com\/wp-content\/uploads\/2026\/01\/Gemini_Generated_Image_c77r6zc77r6zc77r.png?fit=1408%2C768&amp;ssl=1\" data-orig-size=\"1408,768\" data-comments-opened=\"1\" data-image-meta=\"{&quot;aperture&quot;:&quot;0&quot;,&quot;credit&quot;:&quot;&quot;,&quot;camera&quot;:&quot;&quot;,&quot;caption&quot;:&quot;&quot;,&quot;created_timestamp&quot;:&quot;0&quot;,&quot;copyright&quot;:&quot;&quot;,&quot;focal_length&quot;:&quot;0&quot;,&quot;iso&quot;:&quot;0&quot;,&quot;shutter_speed&quot;:&quot;0&quot;,&quot;title&quot;:&quot;&quot;,&quot;orientation&quot;:&quot;0&quot;}\" data-image-title=\"Gemini_Generated_Image_c77r6zc77r6zc77r\" data-image-description=\"\" data-image-caption=\"\" data-large-file=\"https:\/\/i0.wp.com\/famapruning.com\/wp-content\/uploads\/2026\/01\/Gemini_Generated_Image_c77r6zc77r6zc77r.png?fit=580%2C317&amp;ssl=1\" width=\"580\" height=\"317\" src=\"https:\/\/i0.wp.com\/famapruning.com\/wp-content\/uploads\/2026\/01\/Gemini_Generated_Image_c77r6zc77r6zc77r.png?fit=580%2C317&amp;ssl=1\" class=\"attachment-large size-large wp-image-1010\" alt=\"\" srcset=\"https:\/\/i0.wp.com\/famapruning.com\/wp-content\/uploads\/2026\/01\/Gemini_Generated_Image_c77r6zc77r6zc77r.png?w=1408&amp;ssl=1 1408w, https:\/\/i0.wp.com\/famapruning.com\/wp-content\/uploads\/2026\/01\/Gemini_Generated_Image_c77r6zc77r6zc77r.png?resize=300%2C164&amp;ssl=1 300w, https:\/\/i0.wp.com\/famapruning.com\/wp-content\/uploads\/2026\/01\/Gemini_Generated_Image_c77r6zc77r6zc77r.png?resize=1024%2C559&amp;ssl=1 1024w, https:\/\/i0.wp.com\/famapruning.com\/wp-content\/uploads\/2026\/01\/Gemini_Generated_Image_c77r6zc77r6zc77r.png?resize=768%2C419&amp;ssl=1 768w, https:\/\/i0.wp.com\/famapruning.com\/wp-content\/uploads\/2026\/01\/Gemini_Generated_Image_c77r6zc77r6zc77r.png?resize=1200%2C655&amp;ssl=1 1200w, https:\/\/i0.wp.com\/famapruning.com\/wp-content\/uploads\/2026\/01\/Gemini_Generated_Image_c77r6zc77r6zc77r.png?resize=600%2C327&amp;ssl=1 600w\" sizes=\"(max-width: 580px) 100vw, 580px\" \/>\t\t\t\t\t\t\t\t\t\t\t\t\t\t\t<\/div>\n\t\t\t\t<\/div>\n\t\t\t\t<\/div>\n\t\t\t\t\t<\/div>\n\t\t\t\t<\/div>\n\t\t\t\t<\/div>","protected":false},"excerpt":{"rendered":"<p>Azienda L\u2019evoluzione della potatura Le radici di FAMA PRUNING SYSTEM affondano in una storia di passione, meccanica e territorio che ha inizio nel 1969.\u00a0In quell&#8217;anno, dalla visione e dall&#8217;impegno di Marigonda Guido, Colombarolli Luciana e Dino, nasce la FA.MA. (Fabbrica Macchine Agricole).\u00a0 Nata come una piccola officina artigiana dedicata alla creazione di accessori agricoli, l&#8217;azienda [&hellip;]<\/p>\n","protected":false},"author":232769568,"featured_media":0,"parent":0,"menu_order":0,"comment_status":"closed","ping_status":"closed","template":"elementor_header_footer","meta":{"advanced_seo_description":"","jetpack_seo_html_title":"","jetpack_seo_noindex":false,"footnotes":"","big_sky_generated":false},"class_list":["post-290","page","type-page","status-publish","hentry"],"jetpack_likes_enabled":true,"jetpack_sharing_enabled":true,"jetpack_shortlink":"https:\/\/wp.me\/PgUllp-4G","jetpack-related-posts":[{"id":113,"url":"https:\/\/famapruning.com\/en\/","url_meta":{"origin":290,"position":0},"title":"Home","author":"famapruning","date":"November 24, 2025","format":false,"excerpt":"FAMA Pruning SystemTradizionalmente, Innovativi Scopri di pi\u00f9 Azienda Chi siamo FAMA PRUNING SYSTEM rappresenta l\u2019eccellenza e l\u2019innovazione nel settore della meccanizzazione agricola specializzata.Da anni ci dedichiamo con passione alla progettazione e produzione di sistemi di potatura all\u2019avanguardia, studiati per rispondere con precisione alle sfide della viticoltura e della frutticoltura moderna.La\u2026","rel":"","context":"Similar post","block_context":{"text":"Similar post","link":""},"img":{"alt_text":"","src":"https:\/\/i0.wp.com\/famapruning.com\/wp-content\/uploads\/2026\/01\/foto-alto-e1768316587291-1024x871.jpg?resize=350%2C200&ssl=1","width":350,"height":200,"srcset":"https:\/\/i0.wp.com\/famapruning.com\/wp-content\/uploads\/2026\/01\/foto-alto-e1768316587291-1024x871.jpg?resize=350%2C200&ssl=1 1x, https:\/\/i0.wp.com\/famapruning.com\/wp-content\/uploads\/2026\/01\/foto-alto-e1768316587291-1024x871.jpg?resize=525%2C300&ssl=1 1.5x"},"classes":[]}],"_links":{"self":[{"href":"https:\/\/famapruning.com\/en\/wp-json\/wp\/v2\/pages\/290","targetHints":{"allow":["GET"]}}],"collection":[{"href":"https:\/\/famapruning.com\/en\/wp-json\/wp\/v2\/pages"}],"about":[{"href":"https:\/\/famapruning.com\/en\/wp-json\/wp\/v2\/types\/page"}],"author":[{"embeddable":true,"href":"https:\/\/famapruning.com\/en\/wp-json\/wp\/v2\/users\/232769568"}],"replies":[{"embeddable":true,"href":"https:\/\/famapruning.com\/en\/wp-json\/wp\/v2\/comments?post=290"}],"version-history":[{"count":35,"href":"https:\/\/famapruning.com\/en\/wp-json\/wp\/v2\/pages\/290\/revisions"}],"predecessor-version":[{"id":1105,"href":"https:\/\/famapruning.com\/en\/wp-json\/wp\/v2\/pages\/290\/revisions\/1105"}],"wp:attachment":[{"href":"https:\/\/famapruning.com\/en\/wp-json\/wp\/v2\/media?parent=290"}],"curies":[{"name":"wp","href":"https:\/\/api.w.org\/{rel}","templated":true}]}}